{"id":45,"date":"2020-02-10T17:04:53","date_gmt":"2020-02-10T16:04:53","guid":{"rendered":"http:\/\/design-bain-lyon.fr\/?page_id=45"},"modified":"2024-09-26T17:53:58","modified_gmt":"2024-09-26T15:53:58","slug":"accueil","status":"publish","type":"page","link":"https:\/\/design-bain-lyon.fr\/","title":{"rendered":"Accueil"},"content":{"rendered":"\t\t<div data-elementor-type=\"wp-page\" data-elementor-id=\"45\" class=\"elementor elementor-45\">\n\t\t\t\t\t\t<section class=\"elementor-section elementor-top-section elementor-element elementor-element-3bc9471 elementor-section-stretched elementor-section-boxed elementor-section-height-default elementor-section-height-default\" data-id=\"3bc9471\" data-element_type=\"section\" data-e-type=\"section\" data-settings=\"{&quot;stretch_section&quot;:&quot;section-stretched&quot;}\">\n\t\t\t\t\t\t<div class=\"elementor-container elementor-column-gap-default\">\n\t\t\t\t\t<div class=\"elementor-column elementor-col-100 elementor-top-column elementor-element elementor-element-4ef994c\" data-id=\"4ef994c\" data-element_type=\"column\" data-e-type=\"column\">\n\t\t\t<div class=\"elementor-widget-wrap elementor-element-populated\">\n\t\t\t\t\t\t<div class=\"elementor-element elementor-element-018d68c elementor-widget elementor-widget-text-editor\" data-id=\"018d68c\" data-element_type=\"widget\" data-e-type=\"widget\" data-widget_type=\"text-editor.default\">\n\t\t\t\t<div class=\"elementor-widget-container\">\n\t\t\t\t\t\t\t\t\t<p>Bienvenue sur le site de Design et Bain<\/p>\n<p>Nous sommes une boutique situ\u00e9e \u00e0 Lyon, sp\u00e9cialis\u00e9e dans l&rsquo;ameublement et la d\u00e9coration de la salle de bain<\/p>\t\t\t\t\t\t\t\t<\/div>\n\t\t\t\t<\/div>\n\t\t\t\t<div class=\"elementor-element elementor-element-d08f184 elementor-hidden-desktop elementor-hidden-tablet elementor-widget elementor-widget-image\" data-id=\"d08f184\" data-element_type=\"widget\" data-e-type=\"widget\" data-widget_type=\"image.default\">\n\t\t\t\t<div class=\"elementor-widget-container\">\n\t\t\t\t\t\t\t\t\t\t\t\t\t\t\t<img fetchpriority=\"high\" decoding=\"async\" width=\"1024\" height=\"755\" src=\"https:\/\/design-bain-lyon.fr\/wp-content\/uploads\/2024\/08\/arches-2-1024x755.jpg\" class=\"attachment-large size-large wp-image-1624\" alt=\"\" srcset=\"https:\/\/design-bain-lyon.fr\/wp-content\/uploads\/2024\/08\/arches-2-1024x755.jpg 1024w, https:\/\/design-bain-lyon.fr\/wp-content\/uploads\/2024\/08\/arches-2-300x221.jpg 300w, https:\/\/design-bain-lyon.fr\/wp-content\/uploads\/2024\/08\/arches-2-768x566.jpg 768w, https:\/\/design-bain-lyon.fr\/wp-content\/uploads\/2024\/08\/arches-2-1000x737.jpg 1000w, https:\/\/design-bain-lyon.fr\/wp-content\/uploads\/2024\/08\/arches-2-230x170.jpg 230w, https:\/\/design-bain-lyon.fr\/wp-content\/uploads\/2024\/08\/arches-2-350x258.jpg 350w, https:\/\/design-bain-lyon.fr\/wp-content\/uploads\/2024\/08\/arches-2-480x354.jpg 480w, https:\/\/design-bain-lyon.fr\/wp-content\/uploads\/2024\/08\/arches-2.jpg 1365w\" sizes=\"(max-width: 1024px) 100vw, 1024px\" \/>\t\t\t\t\t\t\t\t\t\t\t\t\t\t\t<\/div>\n\t\t\t\t<\/div>\n\t\t\t\t<div class=\"elementor-element elementor-element-40769b9 elementor-hidden-mobile elementor-widget elementor-widget-image\" data-id=\"40769b9\" data-element_type=\"widget\" data-e-type=\"widget\" data-widget_type=\"image.default\">\n\t\t\t\t<div class=\"elementor-widget-container\">\n\t\t\t\t\t\t\t\t\t\t\t\t\t\t\t<img decoding=\"async\" width=\"1500\" height=\"1000\" src=\"https:\/\/design-bain-lyon.fr\/wp-content\/uploads\/2024\/08\/arches-1.jpg\" class=\"attachment-1536x1536 size-1536x1536 wp-image-1623\" alt=\"\" srcset=\"https:\/\/design-bain-lyon.fr\/wp-content\/uploads\/2024\/08\/arches-1.jpg 1500w, https:\/\/design-bain-lyon.fr\/wp-content\/uploads\/2024\/08\/arches-1-300x200.jpg 300w, https:\/\/design-bain-lyon.fr\/wp-content\/uploads\/2024\/08\/arches-1-1024x683.jpg 1024w, https:\/\/design-bain-lyon.fr\/wp-content\/uploads\/2024\/08\/arches-1-768x512.jpg 768w, https:\/\/design-bain-lyon.fr\/wp-content\/uploads\/2024\/08\/arches-1-1000x667.jpg 1000w, https:\/\/design-bain-lyon.fr\/wp-content\/uploads\/2024\/08\/arches-1-230x153.jpg 230w, https:\/\/design-bain-lyon.fr\/wp-content\/uploads\/2024\/08\/arches-1-350x233.jpg 350w, https:\/\/design-bain-lyon.fr\/wp-content\/uploads\/2024\/08\/arches-1-480x320.jpg 480w\" sizes=\"(max-width: 1500px) 100vw, 1500px\" \/>\t\t\t\t\t\t\t\t\t\t\t\t\t\t\t<\/div>\n\t\t\t\t<\/div>\n\t\t\t\t\t<\/div>\n\t\t<\/div>\n\t\t\t\t\t<\/div>\n\t\t<\/section>\n\t\t\t\t<\/div>\n\t\t","protected":false},"excerpt":{"rendered":"<p>Bienvenue sur le site de Design et Bain Nous sommes une boutique situ\u00e9e \u00e0 Lyon, sp\u00e9cialis\u00e9e dans l&rsquo;ameublement et la d\u00e9coration de [&hellip;]<\/p>\n","protected":false},"author":1,"featured_media":0,"parent":0,"menu_order":0,"comment_status":"closed","ping_status":"closed","template":"page-templates\/page_fullwidth.php","meta":{"footnotes":""},"class_list":["post-45","page","type-page","status-publish","hentry"],"_links":{"self":[{"href":"https:\/\/design-bain-lyon.fr\/index.php\/wp-json\/wp\/v2\/pages\/45","targetHints":{"allow":["GET"]}}],"collection":[{"href":"https:\/\/design-bain-lyon.fr\/index.php\/wp-json\/wp\/v2\/pages"}],"about":[{"href":"https:\/\/design-bain-lyon.fr\/index.php\/wp-json\/wp\/v2\/types\/page"}],"author":[{"embeddable":true,"href":"https:\/\/design-bain-lyon.fr\/index.php\/wp-json\/wp\/v2\/users\/1"}],"replies":[{"embeddable":true,"href":"https:\/\/design-bain-lyon.fr\/index.php\/wp-json\/wp\/v2\/comments?post=45"}],"version-history":[{"count":94,"href":"https:\/\/design-bain-lyon.fr\/index.php\/wp-json\/wp\/v2\/pages\/45\/revisions"}],"predecessor-version":[{"id":1933,"href":"https:\/\/design-bain-lyon.fr\/index.php\/wp-json\/wp\/v2\/pages\/45\/revisions\/1933"}],"wp:attachment":[{"href":"https:\/\/design-bain-lyon.fr\/index.php\/wp-json\/wp\/v2\/media?parent=45"}],"curies":[{"name":"wp","href":"https:\/\/api.w.org\/{rel}","templated":true}]}}